{"id":16367,"date":"2020-04-04T06:36:05","date_gmt":"2020-04-04T06:36:05","guid":{"rendered":"https:\/\/petradraskovic.com\/crna-gora\/"},"modified":"2020-05-04T13:22:39","modified_gmt":"2020-05-04T13:22:39","slug":"crna-gora","status":"publish","type":"page","link":"https:\/\/petradraskovic.com\/sl\/crna-gora\/","title":{"rendered":"\u010crna gora"},"content":{"rendered":"\t\t<div data-elementor-type=\"wp-page\" data-elementor-id=\"16367\" class=\"elementor elementor-16367 elementor-15921\" data-elementor-post-type=\"page\">\n\t\t\t\t\t\t<section class=\"jarallax lazyload elementor-section elementor-top-section elementor-element elementor-element-65e93c21 elementor-section-full_width elementor-section-content-bottom elementor-section-height-default elementor-section-height-default\" data-jarallax=\"\" data-speed=\"0.75\" data-type=\"scroll\" data-parallax=\"scroll\" style=\"background-image:url(&quot;https:\/\/petradraskovic.com\/wp-content\/uploads\/2018\/07\/001_-skadarsko_Petra-Draskovic-Pelc_ss.jpg&quot;);\" data-image-src=\"https:\/\/petradraskovic.com\/wp-content\/uploads\/2018\/07\/001_-skadarsko_Petra-Draskovic-Pelc_ss.jpg\" data-id=\"65e93c21\" data-element_type=\"section\" data-e-type=\"section\" data-settings=\"{&quot;background_background&quot;:&quot;classic&quot;}\">\n\t\t\t\t\t\t\t<div class=\"elementor-background-overlay\"><\/div>\n\t\t\t\t\t\t\t<div class=\"elementor-container elementor-column-gap-default\">\n\t\t\t\t\t<div class=\"elementor-column elementor-col-100 elementor-top-column elementor-element elementor-element-5d590269\" data-id=\"5d590269\" data-element_type=\"column\" data-e-type=\"column\">\n\t\t\t<div class=\"elementor-widget-wrap elementor-element-populated\">\n\t\t\t\t\t\t<div class=\"elementor-element elementor-element-36f2294f section-align-center section-size-large subtitle-style-default elementor-widget elementor-widget-section-heading\" data-id=\"36f2294f\" data-element_type=\"widget\" data-e-type=\"widget\" data-widget_type=\"section-heading.default\">\n\t\t\t\t<div class=\"elementor-widget-container\">\n\t\t\t\t\t<div class=\"section-heading headingstyle-subtitle\"><h5 class=\"entry-sub-title section-sub-title\">Portfolio<\/h5><div class=\"section-title-wrapper\"><h2 class=\"entry-title section-title\">\u010crna gora<\/h2><\/div><div class=\"section-description clearfix\"><div class=\"section-description-inner\"><p>Raziskovanje neokrnjene (pra)narave narodnega parka Biogradska gora ali pohajanje po pre\u010dudoviti gorski naravi Durmitorja? Ali pa morda dohodiv\u0161\u010dine Skadarskega jezera ali veli\u010dastje Prokletij? No, prav vse to je bilo del najih potepov po \u010crni Gori. Divja narava in de\u017eela prijaznih ljudi.<\/p>\n<\/div><\/div><\/div>\t\t\t\t<\/div>\n\t\t\t\t<\/div>\n\t\t\t\t\t<\/div>\n\t\t<\/div>\n\t\t\t\t\t<\/div>\n\t\t<\/section>\n\t\t\t\t<section class=\"elementor-section elementor-top-section elementor-element elementor-element-23a77380 elementor-section-full_width elementor-section-height-default elementor-section-height-default\" data-id=\"23a77380\" data-element_type=\"section\" data-e-type=\"section\">\n\t\t\t\t\t\t<div class=\"elementor-container elementor-column-gap-default\">\n\t\t\t\t\t<div class=\"elementor-column elementor-col-100 elementor-top-column elementor-element elementor-element-12c1bcb8\" data-id=\"12c1bcb8\" data-element_type=\"column\" data-e-type=\"column\">\n\t\t\t<div class=\"elementor-widget-wrap elementor-element-populated\">\n\t\t\t\t\t\t<div class=\"elementor-element elementor-element-76384f6c elementor-widget elementor-widget-gallery\" data-id=\"76384f6c\" data-element_type=\"widget\" data-e-type=\"widget\" data-settings=\"{&quot;gallery_layout&quot;:&quot;masonry&quot;,&quot;columns&quot;:2,&quot;lazyload&quot;:&quot;yes&quot;,&quot;columns_tablet&quot;:2,&quot;columns_mobile&quot;:1,&quot;gap&quot;:{&quot;unit&quot;:&quot;px&quot;,&quot;size&quot;:10,&quot;sizes&quot;:[]},&quot;gap_tablet&quot;:{&quot;unit&quot;:&quot;px&quot;,&quot;size&quot;:10,&quot;sizes&quot;:[]},&quot;gap_mobile&quot;:{&quot;unit&quot;:&quot;px&quot;,&quot;size&quot;:10,&quot;sizes&quot;:[]},&quot;overlay_background&quot;:&quot;yes&quot;,&quot;content_hover_animation&quot;:&quot;fade-in&quot;}\" data-widget_type=\"gallery.default\">\n\t\t\t\t<div class=\"elementor-widget-container\">\n\t\t\t\t\t\t\t<div class=\"elementor-gallery__container\">\n\t\t\t\t\t\t\t<div class=\"e-gallery-item elementor-gallery-item elementor-animated-content\">\n\t\t\t\t\t<div class=\"e-gallery-image elementor-gallery-item__image\" data-thumbnail=\"https:\/\/petradraskovic.com\/wp-content\/uploads\/2018\/07\/Boka-Kotar-bay-Petra-Draskovic-Pelc-768x512.jpg\" data-width=\"768\" data-height=\"512\" aria-label=\"\" role=\"img\" ><\/div>\n\t\t\t\t\t\t\t\t\t\t\t<div class=\"elementor-gallery-item__overlay\"><\/div>\n\t\t\t\t\t\t\t\t\t\t\t\t\t\t<\/div>\n\t\t\t\t\t\t\t<div class=\"e-gallery-item elementor-gallery-item elementor-animated-content\">\n\t\t\t\t\t<div class=\"e-gallery-image elementor-gallery-item__image\" data-thumbnail=\"https:\/\/petradraskovic.com\/wp-content\/uploads\/2018\/07\/Ada-Bojana-coast-Petra-Draskovic-Pelc-768x512.jpg\" data-width=\"768\" data-height=\"512\" aria-label=\"\" role=\"img\" ><\/div>\n\t\t\t\t\t\t\t\t\t\t\t<div class=\"elementor-gallery-item__overlay\"><\/div>\n\t\t\t\t\t\t\t\t\t\t\t\t\t\t<\/div>\n\t\t\t\t\t\t\t<div class=\"e-gallery-item elementor-gallery-item elementor-animated-content\">\n\t\t\t\t\t<div class=\"e-gallery-image elementor-gallery-item__image\" data-thumbnail=\"https:\/\/petradraskovic.com\/wp-content\/uploads\/2018\/07\/88980-Petra-Dra\u0161kovi\u010d-Pelc-768x512.jpg\" data-width=\"768\" data-height=\"512\" aria-label=\"\" role=\"img\" ><\/div>\n\t\t\t\t\t\t\t\t\t\t\t<div class=\"elementor-gallery-item__overlay\"><\/div>\n\t\t\t\t\t\t\t\t\t\t\t\t\t\t<\/div>\n\t\t\t\t\t\t\t<div class=\"e-gallery-item elementor-gallery-item elementor-animated-content\">\n\t\t\t\t\t<div class=\"e-gallery-image elementor-gallery-item__image\" data-thumbnail=\"https:\/\/petradraskovic.com\/wp-content\/uploads\/2018\/07\/007_skadarsko_Petra-Draskovic-Pelc_ss-768x512.jpg\" data-width=\"768\" data-height=\"512\" aria-label=\"\" role=\"img\" ><\/div>\n\t\t\t\t\t\t\t\t\t\t\t<div class=\"elementor-gallery-item__overlay\"><\/div>\n\t\t\t\t\t\t\t\t\t\t\t\t\t\t<\/div>\n\t\t\t\t\t\t\t<div class=\"e-gallery-item elementor-gallery-item elementor-animated-content\">\n\t\t\t\t\t<div class=\"e-gallery-image elementor-gallery-item__image\" data-thumbnail=\"https:\/\/petradraskovic.com\/wp-content\/uploads\/2018\/07\/001_-skadarsko_Petra-Draskovic-Pelc_ss-768x512.jpg\" data-width=\"768\" data-height=\"512\" aria-label=\"\" role=\"img\" ><\/div>\n\t\t\t\t\t\t\t\t\t\t\t<div class=\"elementor-gallery-item__overlay\"><\/div>\n\t\t\t\t\t\t\t\t\t\t\t\t\t\t<\/div>\n\t\t\t\t\t\t\t<div class=\"e-gallery-item elementor-gallery-item elementor-animated-content\">\n\t\t\t\t\t<div class=\"e-gallery-image elementor-gallery-item__image\" data-thumbnail=\"https:\/\/petradraskovic.com\/wp-content\/uploads\/2018\/07\/02_reka-crnojevica_Petra-Draskovic-Pelc_ss-768x512.jpg\" data-width=\"768\" data-height=\"512\" aria-label=\"\" role=\"img\" ><\/div>\n\t\t\t\t\t\t\t\t\t\t\t<div class=\"elementor-gallery-item__overlay\"><\/div>\n\t\t\t\t\t\t\t\t\t\t\t\t\t\t<\/div>\n\t\t\t\t\t\t\t<div class=\"e-gallery-item elementor-gallery-item elementor-animated-content\">\n\t\t\t\t\t<div class=\"e-gallery-image elementor-gallery-item__image\" data-thumbnail=\"https:\/\/petradraskovic.com\/wp-content\/uploads\/2018\/07\/003_cigre_Petra-Draskovic-Pelc_ss-768x512.jpg\" data-width=\"768\" data-height=\"512\" aria-label=\"\" role=\"img\" ><\/div>\n\t\t\t\t\t\t\t\t\t\t\t<div class=\"elementor-gallery-item__overlay\"><\/div>\n\t\t\t\t\t\t\t\t\t\t\t\t\t\t<\/div>\n\t\t\t\t\t\t\t<div class=\"e-gallery-item elementor-gallery-item elementor-animated-content\">\n\t\t\t\t\t<div class=\"e-gallery-image elementor-gallery-item__image\" data-thumbnail=\"https:\/\/petradraskovic.com\/wp-content\/uploads\/2018\/07\/004_Skadarsko_Petra-Draskovic-Pelc_ss-768x512.jpg\" data-width=\"768\" data-height=\"512\" aria-label=\"\" role=\"img\" ><\/div>\n\t\t\t\t\t\t\t\t\t\t\t<div class=\"elementor-gallery-item__overlay\"><\/div>\n\t\t\t\t\t\t\t\t\t\t\t\t\t\t<\/div>\n\t\t\t\t\t\t\t<div class=\"e-gallery-item elementor-gallery-item elementor-animated-content\">\n\t\t\t\t\t<div class=\"e-gallery-image elementor-gallery-item__image\" data-thumbnail=\"https:\/\/petradraskovic.com\/wp-content\/uploads\/2018\/07\/005_Reka-Crnojevica_Petra-Draskovic_ss-768x512.jpg\" data-width=\"768\" data-height=\"512\" aria-label=\"\" role=\"img\" ><\/div>\n\t\t\t\t\t\t\t\t\t\t\t<div class=\"elementor-gallery-item__overlay\"><\/div>\n\t\t\t\t\t\t\t\t\t\t\t\t\t\t<\/div>\n\t\t\t\t\t\t\t<div class=\"e-gallery-item elementor-gallery-item elementor-animated-content\">\n\t\t\t\t\t<div class=\"e-gallery-image elementor-gallery-item__image\" data-thumbnail=\"https:\/\/petradraskovic.com\/wp-content\/uploads\/2018\/07\/006_Skadarsko-jezero-detajl_Petra-Draskovic-Pelc_ss-768x512.jpg\" data-width=\"768\" data-height=\"512\" aria-label=\"\" role=\"img\" ><\/div>\n\t\t\t\t\t\t\t\t\t\t\t<div class=\"elementor-gallery-item__overlay\"><\/div>\n\t\t\t\t\t\t\t\t\t\t\t\t\t\t<\/div>\n\t\t\t\t\t<\/div>\n\t\t\t\t\t<\/div>\n\t\t\t\t<\/div>\n\t\t\t\t\t<\/div>\n\t\t<\/div>\n\t\t\t\t\t<\/div>\n\t\t<\/section>\n\t\t\t\t<\/div>\n\t\t","protected":false},"excerpt":{"rendered":"<p>Portfolio \u010crna gora Raziskovanje neokrnjene (pra)narave narodnega parka Biogradska gora ali pohajanje po pre\u010dudoviti gorski naravi Durmitorja? Ali pa morda dohodiv\u0161\u010dine Skadarskega jezera ali veli\u010dastje Prokletij? No, prav vse to je bilo del najih potepov po \u010crni Gori. Divja narava in de\u017eela prijaznih ljudi.<\/p>\n","protected":false},"author":1,"featured_media":0,"parent":0,"menu_order":0,"comment_status":"closed","ping_status":"closed","template":"","meta":{"footnotes":""},"class_list":["post-16367","page","type-page","status-publish","hentry"],"yoast_head":"<!-- This site is optimized with the Yoast SEO plugin v27.3 - https:\/\/yoast.com\/product\/yoast-seo-wordpress\/ -->\n<title>\u010crna gora - PETRA DRA\u0160KOVI\u010c PELC<\/title>\n<meta name=\"robots\" content=\"index, follow, max-snippet:-1, max-image-preview:large, max-video-preview:-1\" \/>\n<link rel=\"canonical\" href=\"https:\/\/petradraskovic.com\/sl\/crna-gora\/\" \/>\n<meta property=\"og:locale\" content=\"sl_SI\" \/>\n<meta property=\"og:type\" content=\"article\" \/>\n<meta property=\"og:title\" content=\"\u010crna gora - PETRA DRA\u0160KOVI\u010c PELC\" \/>\n<meta property=\"og:description\" content=\"Portfolio \u010crna gora Raziskovanje neokrnjene (pra)narave narodnega parka Biogradska gora ali pohajanje po pre\u010dudoviti gorski naravi Durmitorja? Ali pa morda dohodiv\u0161\u010dine Skadarskega jezera ali veli\u010dastje Prokletij? No, prav vse to je bilo del najih potepov po \u010crni Gori. Divja narava in de\u017eela prijaznih ljudi.\" \/>\n<meta property=\"og:url\" content=\"https:\/\/petradraskovic.com\/sl\/crna-gora\/\" \/>\n<meta property=\"og:site_name\" content=\"PETRA DRA\u0160KOVI\u010c PELC\" \/>\n<meta property=\"article:publisher\" content=\"https:\/\/www.facebook.com\/petra.draskovic.1\" \/>\n<meta property=\"article:modified_time\" content=\"2020-05-04T13:22:39+00:00\" \/>\n<meta name=\"twitter:card\" content=\"summary_large_image\" \/>\n<script type=\"application\/ld+json\" class=\"yoast-schema-graph\">{\"@context\":\"https:\\\/\\\/schema.org\",\"@graph\":[{\"@type\":\"WebPage\",\"@id\":\"https:\\\/\\\/petradraskovic.com\\\/sl\\\/crna-gora\\\/\",\"url\":\"https:\\\/\\\/petradraskovic.com\\\/sl\\\/crna-gora\\\/\",\"name\":\"\u010crna gora - PETRA DRA\u0160KOVI\u010c PELC\",\"isPartOf\":{\"@id\":\"https:\\\/\\\/petradraskovic.com\\\/sl\\\/#website\"},\"datePublished\":\"2020-04-04T06:36:05+00:00\",\"dateModified\":\"2020-05-04T13:22:39+00:00\",\"breadcrumb\":{\"@id\":\"https:\\\/\\\/petradraskovic.com\\\/sl\\\/crna-gora\\\/#breadcrumb\"},\"inLanguage\":\"sl-SI\",\"potentialAction\":[{\"@type\":\"ReadAction\",\"target\":[\"https:\\\/\\\/petradraskovic.com\\\/sl\\\/crna-gora\\\/\"]}]},{\"@type\":\"BreadcrumbList\",\"@id\":\"https:\\\/\\\/petradraskovic.com\\\/sl\\\/crna-gora\\\/#breadcrumb\",\"itemListElement\":[{\"@type\":\"ListItem\",\"position\":1,\"name\":\"Home\",\"item\":\"https:\\\/\\\/petradraskovic.com\\\/sl\\\/\"},{\"@type\":\"ListItem\",\"position\":2,\"name\":\"\u010crna gora\"}]},{\"@type\":\"WebSite\",\"@id\":\"https:\\\/\\\/petradraskovic.com\\\/sl\\\/#website\",\"url\":\"https:\\\/\\\/petradraskovic.com\\\/sl\\\/\",\"name\":\"PETRA DRA\u0160KOVI\u010c PELC\",\"description\":\"EXPLORE. INSPIRE. CARE\",\"publisher\":{\"@id\":\"https:\\\/\\\/petradraskovic.com\\\/sl\\\/#organization\"},\"potentialAction\":[{\"@type\":\"SearchAction\",\"target\":{\"@type\":\"EntryPoint\",\"urlTemplate\":\"https:\\\/\\\/petradraskovic.com\\\/sl\\\/?s={search_term_string}\"},\"query-input\":{\"@type\":\"PropertyValueSpecification\",\"valueRequired\":true,\"valueName\":\"search_term_string\"}}],\"inLanguage\":\"sl-SI\"},{\"@type\":\"Organization\",\"@id\":\"https:\\\/\\\/petradraskovic.com\\\/sl\\\/#organization\",\"name\":\"Petra Dra\u0161kovi\u010d Pelc\",\"url\":\"https:\\\/\\\/petradraskovic.com\\\/sl\\\/\",\"logo\":{\"@type\":\"ImageObject\",\"inLanguage\":\"sl-SI\",\"@id\":\"https:\\\/\\\/petradraskovic.com\\\/sl\\\/#\\\/schema\\\/logo\\\/image\\\/\",\"url\":\"https:\\\/\\\/petradraskovic.com\\\/wp-content\\\/uploads\\\/2020\\\/04\\\/EXPLORE-INSPIRE-CARE-WWW-pine.png\",\"contentUrl\":\"https:\\\/\\\/petradraskovic.com\\\/wp-content\\\/uploads\\\/2020\\\/04\\\/EXPLORE-INSPIRE-CARE-WWW-pine.png\",\"width\":2710,\"height\":570,\"caption\":\"Petra Dra\u0161kovi\u010d Pelc\"},\"image\":{\"@id\":\"https:\\\/\\\/petradraskovic.com\\\/sl\\\/#\\\/schema\\\/logo\\\/image\\\/\"},\"sameAs\":[\"https:\\\/\\\/www.facebook.com\\\/petra.draskovic.1\",\"https:\\\/\\\/www.instagram.com\\\/petra_draskovic_pelc\\\/\",\"https:\\\/\\\/www.linkedin.com\\\/in\\\/petra-draskovic-pelc-5672125\\\/\"]}]}<\/script>\n<!-- \/ Yoast SEO plugin. -->","yoast_head_json":{"title":"\u010crna gora - PETRA DRA\u0160KOVI\u010c PELC","robots":{"index":"index","follow":"follow","max-snippet":"max-snippet:-1","max-image-preview":"max-image-preview:large","max-video-preview":"max-video-preview:-1"},"canonical":"https:\/\/petradraskovic.com\/sl\/crna-gora\/","og_locale":"sl_SI","og_type":"article","og_title":"\u010crna gora - PETRA DRA\u0160KOVI\u010c PELC","og_description":"Portfolio \u010crna gora Raziskovanje neokrnjene (pra)narave narodnega parka Biogradska gora ali pohajanje po pre\u010dudoviti gorski naravi Durmitorja? Ali pa morda dohodiv\u0161\u010dine Skadarskega jezera ali veli\u010dastje Prokletij? No, prav vse to je bilo del najih potepov po \u010crni Gori. Divja narava in de\u017eela prijaznih ljudi.","og_url":"https:\/\/petradraskovic.com\/sl\/crna-gora\/","og_site_name":"PETRA DRA\u0160KOVI\u010c PELC","article_publisher":"https:\/\/www.facebook.com\/petra.draskovic.1","article_modified_time":"2020-05-04T13:22:39+00:00","twitter_card":"summary_large_image","schema":{"@context":"https:\/\/schema.org","@graph":[{"@type":"WebPage","@id":"https:\/\/petradraskovic.com\/sl\/crna-gora\/","url":"https:\/\/petradraskovic.com\/sl\/crna-gora\/","name":"\u010crna gora - PETRA DRA\u0160KOVI\u010c PELC","isPartOf":{"@id":"https:\/\/petradraskovic.com\/sl\/#website"},"datePublished":"2020-04-04T06:36:05+00:00","dateModified":"2020-05-04T13:22:39+00:00","breadcrumb":{"@id":"https:\/\/petradraskovic.com\/sl\/crna-gora\/#breadcrumb"},"inLanguage":"sl-SI","potentialAction":[{"@type":"ReadAction","target":["https:\/\/petradraskovic.com\/sl\/crna-gora\/"]}]},{"@type":"BreadcrumbList","@id":"https:\/\/petradraskovic.com\/sl\/crna-gora\/#breadcrumb","itemListElement":[{"@type":"ListItem","position":1,"name":"Home","item":"https:\/\/petradraskovic.com\/sl\/"},{"@type":"ListItem","position":2,"name":"\u010crna gora"}]},{"@type":"WebSite","@id":"https:\/\/petradraskovic.com\/sl\/#website","url":"https:\/\/petradraskovic.com\/sl\/","name":"PETRA DRA\u0160KOVI\u010c PELC","description":"EXPLORE. INSPIRE. CARE","publisher":{"@id":"https:\/\/petradraskovic.com\/sl\/#organization"},"potentialAction":[{"@type":"SearchAction","target":{"@type":"EntryPoint","urlTemplate":"https:\/\/petradraskovic.com\/sl\/?s={search_term_string}"},"query-input":{"@type":"PropertyValueSpecification","valueRequired":true,"valueName":"search_term_string"}}],"inLanguage":"sl-SI"},{"@type":"Organization","@id":"https:\/\/petradraskovic.com\/sl\/#organization","name":"Petra Dra\u0161kovi\u010d Pelc","url":"https:\/\/petradraskovic.com\/sl\/","logo":{"@type":"ImageObject","inLanguage":"sl-SI","@id":"https:\/\/petradraskovic.com\/sl\/#\/schema\/logo\/image\/","url":"https:\/\/petradraskovic.com\/wp-content\/uploads\/2020\/04\/EXPLORE-INSPIRE-CARE-WWW-pine.png","contentUrl":"https:\/\/petradraskovic.com\/wp-content\/uploads\/2020\/04\/EXPLORE-INSPIRE-CARE-WWW-pine.png","width":2710,"height":570,"caption":"Petra Dra\u0161kovi\u010d Pelc"},"image":{"@id":"https:\/\/petradraskovic.com\/sl\/#\/schema\/logo\/image\/"},"sameAs":["https:\/\/www.facebook.com\/petra.draskovic.1","https:\/\/www.instagram.com\/petra_draskovic_pelc\/","https:\/\/www.linkedin.com\/in\/petra-draskovic-pelc-5672125\/"]}]}},"_links":{"self":[{"href":"https:\/\/petradraskovic.com\/sl\/wp-json\/wp\/v2\/pages\/16367","targetHints":{"allow":["GET"]}}],"collection":[{"href":"https:\/\/petradraskovic.com\/sl\/wp-json\/wp\/v2\/pages"}],"about":[{"href":"https:\/\/petradraskovic.com\/sl\/wp-json\/wp\/v2\/types\/page"}],"author":[{"embeddable":true,"href":"https:\/\/petradraskovic.com\/sl\/wp-json\/wp\/v2\/users\/1"}],"replies":[{"embeddable":true,"href":"https:\/\/petradraskovic.com\/sl\/wp-json\/wp\/v2\/comments?post=16367"}],"version-history":[{"count":3,"href":"https:\/\/petradraskovic.com\/sl\/wp-json\/wp\/v2\/pages\/16367\/revisions"}],"predecessor-version":[{"id":17705,"href":"https:\/\/petradraskovic.com\/sl\/wp-json\/wp\/v2\/pages\/16367\/revisions\/17705"}],"wp:attachment":[{"href":"https:\/\/petradraskovic.com\/sl\/wp-json\/wp\/v2\/media?parent=16367"}],"curies":[{"name":"wp","href":"https:\/\/api.w.org\/{rel}","templated":true}]}}