{"id":16541,"date":"2020-04-04T14:54:23","date_gmt":"2020-04-04T14:54:23","guid":{"rendered":"https:\/\/petradraskovic.com\/kontaktirajte-nas\/"},"modified":"2025-04-14T14:18:06","modified_gmt":"2025-04-14T14:18:06","slug":"kontakt","status":"publish","type":"page","link":"https:\/\/petradraskovic.com\/sl\/kontakt\/","title":{"rendered":"Kontakt"},"content":{"rendered":"\t\t<div data-elementor-type=\"wp-post\" data-elementor-id=\"16541\" class=\"elementor elementor-16541 elementor-681\" data-elementor-post-type=\"page\">\n\t\t\t\t\t\t<section class=\"jarallax lazyload elementor-section elementor-top-section elementor-element elementor-element-53794fc elementor-section-full_width elementor-section-height-full elementor-section-height-default elementor-section-items-middle\" data-jarallax=\"\" data-speed=\"0.75\" data-type=\"scroll\" data-parallax=\"scroll\" style=\"background-image:url(&quot;https:\/\/petradraskovic.com\/wp-content\/uploads\/2022\/01\/PD_07454_PDP_gozdni-detoks_foto-Petra-Draskovic-Pelc-scaled.jpg&quot;);\" data-image-src=\"https:\/\/petradraskovic.com\/wp-content\/uploads\/2022\/01\/PD_07454_PDP_gozdni-detoks_foto-Petra-Draskovic-Pelc-scaled.jpg\" data-id=\"53794fc\" data-element_type=\"section\" data-e-type=\"section\" data-settings=\"{&quot;background_background&quot;:&quot;classic&quot;}\">\n\t\t\t\t\t\t\t<div class=\"elementor-background-overlay\"><\/div>\n\t\t\t\t\t\t\t<div class=\"elementor-container elementor-column-gap-default\">\n\t\t\t\t\t<div class=\"elementor-column elementor-col-100 elementor-top-column elementor-element elementor-element-e5fc450\" data-id=\"e5fc450\" data-element_type=\"column\" data-e-type=\"column\">\n\t\t\t<div class=\"elementor-widget-wrap elementor-element-populated\">\n\t\t\t\t\t\t<div class=\"elementor-element elementor-element-75fba78 section-align-left section-size-large subtitle-style-default elementor-widget elementor-widget-section-heading\" data-id=\"75fba78\" data-element_type=\"widget\" data-e-type=\"widget\" data-widget_type=\"section-heading.default\">\n\t\t\t\t<div class=\"elementor-widget-container\">\n\t\t\t\t\t<div class=\"section-heading headingstyle-subtitle\"><h5 class=\"entry-sub-title section-sub-title\">pove\u017eimo se<\/h5><div class=\"section-title-wrapper\"><h2 class=\"entry-title section-title\">Kontaktirajte nas<\/h2><\/div><div class=\"section-description clearfix\"><div class=\"section-description-inner\"><p>ARS NATURAE - fotografija, turizem in razvoj, Petra Dra\u0161kovi\u010d Pelc s.p.<\/p>\n<p>DDV: 33733660<\/p>\n<p>Naslov: Novi Lazi 15a, 1338 Ko\u010devska Reka, Slovenija<\/p>\n<p>Email: info@petradraskovic.com<br \/>Telefon: + 386 (0) 41 345 686<\/p>\n<\/div><\/div><\/div>\t\t\t\t<\/div>\n\t\t\t\t<\/div>\n\t\t\t\t\t<\/div>\n\t\t<\/div>\n\t\t\t\t\t<\/div>\n\t\t<\/section>\n\t\t\t\t<\/div>\n\t\t","protected":false},"excerpt":{"rendered":"<p>pove\u017eimo se Kontaktirajte nas ARS NATURAE &#8211; fotografija, turizem in razvoj, Petra Dra\u0161kovi\u010d Pelc s.p. DDV: 33733660 Naslov: Novi Lazi 15a, 1338 Ko\u010devska Reka, Slovenija Email: info@petradraskovic.comTelefon: + 386 (0) 41 345 686<\/p>\n","protected":false},"author":1,"featured_media":0,"parent":0,"menu_order":0,"comment_status":"closed","ping_status":"closed","template":"","meta":{"footnotes":""},"class_list":["post-16541","page","type-page","status-publish","hentry"],"yoast_head":"<!-- This site is optimized with the Yoast SEO plugin v27.3 - https:\/\/yoast.com\/product\/yoast-seo-wordpress\/ -->\n<title>Kontakt - PETRA DRA\u0160KOVI\u010c PELC<\/title>\n<meta name=\"robots\" content=\"index, follow, max-snippet:-1, max-image-preview:large, max-video-preview:-1\" \/>\n<link rel=\"canonical\" href=\"https:\/\/petradraskovic.com\/sl\/kontakt\/\" \/>\n<meta property=\"og:locale\" content=\"sl_SI\" \/>\n<meta property=\"og:type\" content=\"article\" \/>\n<meta property=\"og:title\" content=\"Kontakt - PETRA DRA\u0160KOVI\u010c PELC\" \/>\n<meta property=\"og:description\" content=\"pove\u017eimo se Kontaktirajte nas ARS NATURAE &#8211; fotografija, turizem in razvoj, Petra Dra\u0161kovi\u010d Pelc s.p. DDV: 33733660 Naslov: Novi Lazi 15a, 1338 Ko\u010devska Reka, Slovenija Email: info@petradraskovic.comTelefon: + 386 (0) 41 345 686\" \/>\n<meta property=\"og:url\" content=\"https:\/\/petradraskovic.com\/sl\/kontakt\/\" \/>\n<meta property=\"og:site_name\" content=\"PETRA DRA\u0160KOVI\u010c PELC\" \/>\n<meta property=\"article:publisher\" content=\"https:\/\/www.facebook.com\/petra.draskovic.1\" \/>\n<meta property=\"article:modified_time\" content=\"2025-04-14T14:18:06+00:00\" \/>\n<meta name=\"twitter:card\" content=\"summary_large_image\" \/>\n<meta name=\"twitter:label1\" content=\"Est. reading time\" \/>\n\t<meta name=\"twitter:data1\" content=\"1 minuta\" \/>\n<script type=\"application\/ld+json\" class=\"yoast-schema-graph\">{\"@context\":\"https:\\\/\\\/schema.org\",\"@graph\":[{\"@type\":\"WebPage\",\"@id\":\"https:\\\/\\\/petradraskovic.com\\\/sl\\\/kontakt\\\/\",\"url\":\"https:\\\/\\\/petradraskovic.com\\\/sl\\\/kontakt\\\/\",\"name\":\"Kontakt - PETRA DRA\u0160KOVI\u010c PELC\",\"isPartOf\":{\"@id\":\"https:\\\/\\\/petradraskovic.com\\\/sl\\\/#website\"},\"datePublished\":\"2020-04-04T14:54:23+00:00\",\"dateModified\":\"2025-04-14T14:18:06+00:00\",\"breadcrumb\":{\"@id\":\"https:\\\/\\\/petradraskovic.com\\\/sl\\\/kontakt\\\/#breadcrumb\"},\"inLanguage\":\"sl-SI\",\"potentialAction\":[{\"@type\":\"ReadAction\",\"target\":[\"https:\\\/\\\/petradraskovic.com\\\/sl\\\/kontakt\\\/\"]}]},{\"@type\":\"BreadcrumbList\",\"@id\":\"https:\\\/\\\/petradraskovic.com\\\/sl\\\/kontakt\\\/#breadcrumb\",\"itemListElement\":[{\"@type\":\"ListItem\",\"position\":1,\"name\":\"Home\",\"item\":\"https:\\\/\\\/petradraskovic.com\\\/sl\\\/\"},{\"@type\":\"ListItem\",\"position\":2,\"name\":\"Kontakt\"}]},{\"@type\":\"WebSite\",\"@id\":\"https:\\\/\\\/petradraskovic.com\\\/sl\\\/#website\",\"url\":\"https:\\\/\\\/petradraskovic.com\\\/sl\\\/\",\"name\":\"PETRA DRA\u0160KOVI\u010c PELC\",\"description\":\"EXPLORE. INSPIRE. CARE\",\"publisher\":{\"@id\":\"https:\\\/\\\/petradraskovic.com\\\/sl\\\/#organization\"},\"potentialAction\":[{\"@type\":\"SearchAction\",\"target\":{\"@type\":\"EntryPoint\",\"urlTemplate\":\"https:\\\/\\\/petradraskovic.com\\\/sl\\\/?s={search_term_string}\"},\"query-input\":{\"@type\":\"PropertyValueSpecification\",\"valueRequired\":true,\"valueName\":\"search_term_string\"}}],\"inLanguage\":\"sl-SI\"},{\"@type\":\"Organization\",\"@id\":\"https:\\\/\\\/petradraskovic.com\\\/sl\\\/#organization\",\"name\":\"Petra Dra\u0161kovi\u010d Pelc\",\"url\":\"https:\\\/\\\/petradraskovic.com\\\/sl\\\/\",\"logo\":{\"@type\":\"ImageObject\",\"inLanguage\":\"sl-SI\",\"@id\":\"https:\\\/\\\/petradraskovic.com\\\/sl\\\/#\\\/schema\\\/logo\\\/image\\\/\",\"url\":\"https:\\\/\\\/petradraskovic.com\\\/wp-content\\\/uploads\\\/2020\\\/04\\\/EXPLORE-INSPIRE-CARE-WWW-pine.png\",\"contentUrl\":\"https:\\\/\\\/petradraskovic.com\\\/wp-content\\\/uploads\\\/2020\\\/04\\\/EXPLORE-INSPIRE-CARE-WWW-pine.png\",\"width\":2710,\"height\":570,\"caption\":\"Petra Dra\u0161kovi\u010d Pelc\"},\"image\":{\"@id\":\"https:\\\/\\\/petradraskovic.com\\\/sl\\\/#\\\/schema\\\/logo\\\/image\\\/\"},\"sameAs\":[\"https:\\\/\\\/www.facebook.com\\\/petra.draskovic.1\",\"https:\\\/\\\/www.instagram.com\\\/petra_draskovic_pelc\\\/\",\"https:\\\/\\\/www.linkedin.com\\\/in\\\/petra-draskovic-pelc-5672125\\\/\"]}]}<\/script>\n<!-- \/ Yoast SEO plugin. -->","yoast_head_json":{"title":"Kontakt - PETRA DRA\u0160KOVI\u010c PELC","robots":{"index":"index","follow":"follow","max-snippet":"max-snippet:-1","max-image-preview":"max-image-preview:large","max-video-preview":"max-video-preview:-1"},"canonical":"https:\/\/petradraskovic.com\/sl\/kontakt\/","og_locale":"sl_SI","og_type":"article","og_title":"Kontakt - PETRA DRA\u0160KOVI\u010c PELC","og_description":"pove\u017eimo se Kontaktirajte nas ARS NATURAE &#8211; fotografija, turizem in razvoj, Petra Dra\u0161kovi\u010d Pelc s.p. DDV: 33733660 Naslov: Novi Lazi 15a, 1338 Ko\u010devska Reka, Slovenija Email: info@petradraskovic.comTelefon: + 386 (0) 41 345 686","og_url":"https:\/\/petradraskovic.com\/sl\/kontakt\/","og_site_name":"PETRA DRA\u0160KOVI\u010c PELC","article_publisher":"https:\/\/www.facebook.com\/petra.draskovic.1","article_modified_time":"2025-04-14T14:18:06+00:00","twitter_card":"summary_large_image","twitter_misc":{"Est. reading time":"1 minuta"},"schema":{"@context":"https:\/\/schema.org","@graph":[{"@type":"WebPage","@id":"https:\/\/petradraskovic.com\/sl\/kontakt\/","url":"https:\/\/petradraskovic.com\/sl\/kontakt\/","name":"Kontakt - PETRA DRA\u0160KOVI\u010c PELC","isPartOf":{"@id":"https:\/\/petradraskovic.com\/sl\/#website"},"datePublished":"2020-04-04T14:54:23+00:00","dateModified":"2025-04-14T14:18:06+00:00","breadcrumb":{"@id":"https:\/\/petradraskovic.com\/sl\/kontakt\/#breadcrumb"},"inLanguage":"sl-SI","potentialAction":[{"@type":"ReadAction","target":["https:\/\/petradraskovic.com\/sl\/kontakt\/"]}]},{"@type":"BreadcrumbList","@id":"https:\/\/petradraskovic.com\/sl\/kontakt\/#breadcrumb","itemListElement":[{"@type":"ListItem","position":1,"name":"Home","item":"https:\/\/petradraskovic.com\/sl\/"},{"@type":"ListItem","position":2,"name":"Kontakt"}]},{"@type":"WebSite","@id":"https:\/\/petradraskovic.com\/sl\/#website","url":"https:\/\/petradraskovic.com\/sl\/","name":"PETRA DRA\u0160KOVI\u010c PELC","description":"EXPLORE. INSPIRE. CARE","publisher":{"@id":"https:\/\/petradraskovic.com\/sl\/#organization"},"potentialAction":[{"@type":"SearchAction","target":{"@type":"EntryPoint","urlTemplate":"https:\/\/petradraskovic.com\/sl\/?s={search_term_string}"},"query-input":{"@type":"PropertyValueSpecification","valueRequired":true,"valueName":"search_term_string"}}],"inLanguage":"sl-SI"},{"@type":"Organization","@id":"https:\/\/petradraskovic.com\/sl\/#organization","name":"Petra Dra\u0161kovi\u010d Pelc","url":"https:\/\/petradraskovic.com\/sl\/","logo":{"@type":"ImageObject","inLanguage":"sl-SI","@id":"https:\/\/petradraskovic.com\/sl\/#\/schema\/logo\/image\/","url":"https:\/\/petradraskovic.com\/wp-content\/uploads\/2020\/04\/EXPLORE-INSPIRE-CARE-WWW-pine.png","contentUrl":"https:\/\/petradraskovic.com\/wp-content\/uploads\/2020\/04\/EXPLORE-INSPIRE-CARE-WWW-pine.png","width":2710,"height":570,"caption":"Petra Dra\u0161kovi\u010d Pelc"},"image":{"@id":"https:\/\/petradraskovic.com\/sl\/#\/schema\/logo\/image\/"},"sameAs":["https:\/\/www.facebook.com\/petra.draskovic.1","https:\/\/www.instagram.com\/petra_draskovic_pelc\/","https:\/\/www.linkedin.com\/in\/petra-draskovic-pelc-5672125\/"]}]}},"_links":{"self":[{"href":"https:\/\/petradraskovic.com\/sl\/wp-json\/wp\/v2\/pages\/16541","targetHints":{"allow":["GET"]}}],"collection":[{"href":"https:\/\/petradraskovic.com\/sl\/wp-json\/wp\/v2\/pages"}],"about":[{"href":"https:\/\/petradraskovic.com\/sl\/wp-json\/wp\/v2\/types\/page"}],"author":[{"embeddable":true,"href":"https:\/\/petradraskovic.com\/sl\/wp-json\/wp\/v2\/users\/1"}],"replies":[{"embeddable":true,"href":"https:\/\/petradraskovic.com\/sl\/wp-json\/wp\/v2\/comments?post=16541"}],"version-history":[{"count":18,"href":"https:\/\/petradraskovic.com\/sl\/wp-json\/wp\/v2\/pages\/16541\/revisions"}],"predecessor-version":[{"id":24409,"href":"https:\/\/petradraskovic.com\/sl\/wp-json\/wp\/v2\/pages\/16541\/revisions\/24409"}],"wp:attachment":[{"href":"https:\/\/petradraskovic.com\/sl\/wp-json\/wp\/v2\/media?parent=16541"}],"curies":[{"name":"wp","href":"https:\/\/api.w.org\/{rel}","templated":true}]}}