{"id":20492,"date":"2023-02-07T12:39:34","date_gmt":"2023-02-07T12:39:34","guid":{"rendered":"https:\/\/petradraskovic.com\/?page_id=20492"},"modified":"2023-02-07T12:39:38","modified_gmt":"2023-02-07T12:39:38","slug":"turizem-kocevsko","status":"publish","type":"page","link":"https:\/\/petradraskovic.com\/sl\/turizem-kocevsko\/","title":{"rendered":"TURIZEM KO\u010cEVSKO"},"content":{"rendered":"","protected":false},"excerpt":{"rendered":"","protected":false},"author":1,"featured_media":17628,"parent":0,"menu_order":0,"comment_status":"closed","ping_status":"closed","template":"","meta":{"footnotes":""},"class_list":["post-20492","page","type-page","status-publish","has-post-thumbnail","hentry"],"yoast_head":"<!-- This site is optimized with the Yoast SEO plugin v27.3 - https:\/\/yoast.com\/product\/yoast-seo-wordpress\/ -->\n<title>TURIZEM KO\u010cEVSKO - PETRA DRA\u0160KOVI\u010c PELC<\/title>\n<meta name=\"robots\" content=\"index, follow, max-snippet:-1, max-image-preview:large, max-video-preview:-1\" \/>\n<link rel=\"canonical\" href=\"https:\/\/petradraskovic.com\/sl\/turizem-kocevsko\/\" \/>\n<meta property=\"og:locale\" content=\"sl_SI\" \/>\n<meta property=\"og:type\" content=\"article\" \/>\n<meta property=\"og:title\" content=\"TURIZEM KO\u010cEVSKO - PETRA DRA\u0160KOVI\u010c PELC\" \/>\n<meta property=\"og:url\" content=\"https:\/\/petradraskovic.com\/sl\/turizem-kocevsko\/\" \/>\n<meta property=\"og:site_name\" content=\"PETRA DRA\u0160KOVI\u010c PELC\" \/>\n<meta property=\"article:publisher\" content=\"https:\/\/www.facebook.com\/petra.draskovic.1\" \/>\n<meta property=\"article:modified_time\" content=\"2023-02-07T12:39:38+00:00\" \/>\n<meta property=\"og:image\" content=\"https:\/\/petradraskovic.com\/wp-content\/uploads\/2020\/04\/ARS_7839_PDP.jpg\" \/>\n\t<meta property=\"og:image:width\" content=\"1920\" \/>\n\t<meta property=\"og:image:height\" content=\"1280\" \/>\n\t<meta property=\"og:image:type\" content=\"image\/jpeg\" \/>\n<meta name=\"twitter:card\" content=\"summary_large_image\" \/>\n<script type=\"application\/ld+json\" class=\"yoast-schema-graph\">{\"@context\":\"https:\\\/\\\/schema.org\",\"@graph\":[{\"@type\":\"WebPage\",\"@id\":\"https:\\\/\\\/petradraskovic.com\\\/sl\\\/turizem-kocevsko\\\/\",\"url\":\"https:\\\/\\\/petradraskovic.com\\\/sl\\\/turizem-kocevsko\\\/\",\"name\":\"TURIZEM KO\u010cEVSKO - PETRA DRA\u0160KOVI\u010c PELC\",\"isPartOf\":{\"@id\":\"https:\\\/\\\/petradraskovic.com\\\/sl\\\/#website\"},\"primaryImageOfPage\":{\"@id\":\"https:\\\/\\\/petradraskovic.com\\\/sl\\\/turizem-kocevsko\\\/#primaryimage\"},\"image\":{\"@id\":\"https:\\\/\\\/petradraskovic.com\\\/sl\\\/turizem-kocevsko\\\/#primaryimage\"},\"thumbnailUrl\":\"https:\\\/\\\/petradraskovic.com\\\/wp-content\\\/uploads\\\/2020\\\/04\\\/ARS_7839_PDP.jpg\",\"datePublished\":\"2023-02-07T12:39:34+00:00\",\"dateModified\":\"2023-02-07T12:39:38+00:00\",\"breadcrumb\":{\"@id\":\"https:\\\/\\\/petradraskovic.com\\\/sl\\\/turizem-kocevsko\\\/#breadcrumb\"},\"inLanguage\":\"sl-SI\",\"potentialAction\":[{\"@type\":\"ReadAction\",\"target\":[\"https:\\\/\\\/petradraskovic.com\\\/sl\\\/turizem-kocevsko\\\/\"]}]},{\"@type\":\"ImageObject\",\"inLanguage\":\"sl-SI\",\"@id\":\"https:\\\/\\\/petradraskovic.com\\\/sl\\\/turizem-kocevsko\\\/#primaryimage\",\"url\":\"https:\\\/\\\/petradraskovic.com\\\/wp-content\\\/uploads\\\/2020\\\/04\\\/ARS_7839_PDP.jpg\",\"contentUrl\":\"https:\\\/\\\/petradraskovic.com\\\/wp-content\\\/uploads\\\/2020\\\/04\\\/ARS_7839_PDP.jpg\",\"width\":1920,\"height\":1280,\"caption\":\"www.petradraskovic.com\"},{\"@type\":\"BreadcrumbList\",\"@id\":\"https:\\\/\\\/petradraskovic.com\\\/sl\\\/turizem-kocevsko\\\/#breadcrumb\",\"itemListElement\":[{\"@type\":\"ListItem\",\"position\":1,\"name\":\"Home\",\"item\":\"https:\\\/\\\/petradraskovic.com\\\/sl\\\/\"},{\"@type\":\"ListItem\",\"position\":2,\"name\":\"TURIZEM KO\u010cEVSKO\"}]},{\"@type\":\"WebSite\",\"@id\":\"https:\\\/\\\/petradraskovic.com\\\/sl\\\/#website\",\"url\":\"https:\\\/\\\/petradraskovic.com\\\/sl\\\/\",\"name\":\"PETRA DRA\u0160KOVI\u010c PELC\",\"description\":\"EXPLORE. INSPIRE. CARE\",\"publisher\":{\"@id\":\"https:\\\/\\\/petradraskovic.com\\\/sl\\\/#organization\"},\"potentialAction\":[{\"@type\":\"SearchAction\",\"target\":{\"@type\":\"EntryPoint\",\"urlTemplate\":\"https:\\\/\\\/petradraskovic.com\\\/sl\\\/?s={search_term_string}\"},\"query-input\":{\"@type\":\"PropertyValueSpecification\",\"valueRequired\":true,\"valueName\":\"search_term_string\"}}],\"inLanguage\":\"sl-SI\"},{\"@type\":\"Organization\",\"@id\":\"https:\\\/\\\/petradraskovic.com\\\/sl\\\/#organization\",\"name\":\"Petra Dra\u0161kovi\u010d Pelc\",\"url\":\"https:\\\/\\\/petradraskovic.com\\\/sl\\\/\",\"logo\":{\"@type\":\"ImageObject\",\"inLanguage\":\"sl-SI\",\"@id\":\"https:\\\/\\\/petradraskovic.com\\\/sl\\\/#\\\/schema\\\/logo\\\/image\\\/\",\"url\":\"https:\\\/\\\/petradraskovic.com\\\/wp-content\\\/uploads\\\/2020\\\/04\\\/EXPLORE-INSPIRE-CARE-WWW-pine.png\",\"contentUrl\":\"https:\\\/\\\/petradraskovic.com\\\/wp-content\\\/uploads\\\/2020\\\/04\\\/EXPLORE-INSPIRE-CARE-WWW-pine.png\",\"width\":2710,\"height\":570,\"caption\":\"Petra Dra\u0161kovi\u010d Pelc\"},\"image\":{\"@id\":\"https:\\\/\\\/petradraskovic.com\\\/sl\\\/#\\\/schema\\\/logo\\\/image\\\/\"},\"sameAs\":[\"https:\\\/\\\/www.facebook.com\\\/petra.draskovic.1\",\"https:\\\/\\\/www.instagram.com\\\/petra_draskovic_pelc\\\/\",\"https:\\\/\\\/www.linkedin.com\\\/in\\\/petra-draskovic-pelc-5672125\\\/\"]}]}<\/script>\n<!-- \/ Yoast SEO plugin. -->","yoast_head_json":{"title":"TURIZEM KO\u010cEVSKO - PETRA DRA\u0160KOVI\u010c PELC","robots":{"index":"index","follow":"follow","max-snippet":"max-snippet:-1","max-image-preview":"max-image-preview:large","max-video-preview":"max-video-preview:-1"},"canonical":"https:\/\/petradraskovic.com\/sl\/turizem-kocevsko\/","og_locale":"sl_SI","og_type":"article","og_title":"TURIZEM KO\u010cEVSKO - PETRA DRA\u0160KOVI\u010c PELC","og_url":"https:\/\/petradraskovic.com\/sl\/turizem-kocevsko\/","og_site_name":"PETRA DRA\u0160KOVI\u010c PELC","article_publisher":"https:\/\/www.facebook.com\/petra.draskovic.1","article_modified_time":"2023-02-07T12:39:38+00:00","og_image":[{"width":1920,"height":1280,"url":"https:\/\/petradraskovic.com\/wp-content\/uploads\/2020\/04\/ARS_7839_PDP.jpg","type":"image\/jpeg"}],"twitter_card":"summary_large_image","schema":{"@context":"https:\/\/schema.org","@graph":[{"@type":"WebPage","@id":"https:\/\/petradraskovic.com\/sl\/turizem-kocevsko\/","url":"https:\/\/petradraskovic.com\/sl\/turizem-kocevsko\/","name":"TURIZEM KO\u010cEVSKO - PETRA DRA\u0160KOVI\u010c PELC","isPartOf":{"@id":"https:\/\/petradraskovic.com\/sl\/#website"},"primaryImageOfPage":{"@id":"https:\/\/petradraskovic.com\/sl\/turizem-kocevsko\/#primaryimage"},"image":{"@id":"https:\/\/petradraskovic.com\/sl\/turizem-kocevsko\/#primaryimage"},"thumbnailUrl":"https:\/\/petradraskovic.com\/wp-content\/uploads\/2020\/04\/ARS_7839_PDP.jpg","datePublished":"2023-02-07T12:39:34+00:00","dateModified":"2023-02-07T12:39:38+00:00","breadcrumb":{"@id":"https:\/\/petradraskovic.com\/sl\/turizem-kocevsko\/#breadcrumb"},"inLanguage":"sl-SI","potentialAction":[{"@type":"ReadAction","target":["https:\/\/petradraskovic.com\/sl\/turizem-kocevsko\/"]}]},{"@type":"ImageObject","inLanguage":"sl-SI","@id":"https:\/\/petradraskovic.com\/sl\/turizem-kocevsko\/#primaryimage","url":"https:\/\/petradraskovic.com\/wp-content\/uploads\/2020\/04\/ARS_7839_PDP.jpg","contentUrl":"https:\/\/petradraskovic.com\/wp-content\/uploads\/2020\/04\/ARS_7839_PDP.jpg","width":1920,"height":1280,"caption":"www.petradraskovic.com"},{"@type":"BreadcrumbList","@id":"https:\/\/petradraskovic.com\/sl\/turizem-kocevsko\/#breadcrumb","itemListElement":[{"@type":"ListItem","position":1,"name":"Home","item":"https:\/\/petradraskovic.com\/sl\/"},{"@type":"ListItem","position":2,"name":"TURIZEM KO\u010cEVSKO"}]},{"@type":"WebSite","@id":"https:\/\/petradraskovic.com\/sl\/#website","url":"https:\/\/petradraskovic.com\/sl\/","name":"PETRA DRA\u0160KOVI\u010c PELC","description":"EXPLORE. INSPIRE. CARE","publisher":{"@id":"https:\/\/petradraskovic.com\/sl\/#organization"},"potentialAction":[{"@type":"SearchAction","target":{"@type":"EntryPoint","urlTemplate":"https:\/\/petradraskovic.com\/sl\/?s={search_term_string}"},"query-input":{"@type":"PropertyValueSpecification","valueRequired":true,"valueName":"search_term_string"}}],"inLanguage":"sl-SI"},{"@type":"Organization","@id":"https:\/\/petradraskovic.com\/sl\/#organization","name":"Petra Dra\u0161kovi\u010d Pelc","url":"https:\/\/petradraskovic.com\/sl\/","logo":{"@type":"ImageObject","inLanguage":"sl-SI","@id":"https:\/\/petradraskovic.com\/sl\/#\/schema\/logo\/image\/","url":"https:\/\/petradraskovic.com\/wp-content\/uploads\/2020\/04\/EXPLORE-INSPIRE-CARE-WWW-pine.png","contentUrl":"https:\/\/petradraskovic.com\/wp-content\/uploads\/2020\/04\/EXPLORE-INSPIRE-CARE-WWW-pine.png","width":2710,"height":570,"caption":"Petra Dra\u0161kovi\u010d Pelc"},"image":{"@id":"https:\/\/petradraskovic.com\/sl\/#\/schema\/logo\/image\/"},"sameAs":["https:\/\/www.facebook.com\/petra.draskovic.1","https:\/\/www.instagram.com\/petra_draskovic_pelc\/","https:\/\/www.linkedin.com\/in\/petra-draskovic-pelc-5672125\/"]}]}},"_links":{"self":[{"href":"https:\/\/petradraskovic.com\/sl\/wp-json\/wp\/v2\/pages\/20492","targetHints":{"allow":["GET"]}}],"collection":[{"href":"https:\/\/petradraskovic.com\/sl\/wp-json\/wp\/v2\/pages"}],"about":[{"href":"https:\/\/petradraskovic.com\/sl\/wp-json\/wp\/v2\/types\/page"}],"author":[{"embeddable":true,"href":"https:\/\/petradraskovic.com\/sl\/wp-json\/wp\/v2\/users\/1"}],"replies":[{"embeddable":true,"href":"https:\/\/petradraskovic.com\/sl\/wp-json\/wp\/v2\/comments?post=20492"}],"version-history":[{"count":1,"href":"https:\/\/petradraskovic.com\/sl\/wp-json\/wp\/v2\/pages\/20492\/revisions"}],"predecessor-version":[{"id":20496,"href":"https:\/\/petradraskovic.com\/sl\/wp-json\/wp\/v2\/pages\/20492\/revisions\/20496"}],"wp:featuredmedia":[{"embeddable":true,"href":"https:\/\/petradraskovic.com\/sl\/wp-json\/wp\/v2\/media\/17628"}],"wp:attachment":[{"href":"https:\/\/petradraskovic.com\/sl\/wp-json\/wp\/v2\/media?parent=20492"}],"curies":[{"name":"wp","href":"https:\/\/api.w.org\/{rel}","templated":true}]}}